{"id":27170,"date":"2023-01-02T03:02:53","date_gmt":"2023-01-02T02:02:53","guid":{"rendered":"https:\/\/ibs.org.pl\/aktualnosci\/"},"modified":"2023-02-07T07:22:16","modified_gmt":"2023-02-07T06:22:16","slug":"news-en","status":"publish","type":"page","link":"https:\/\/ibs.org.pl\/en\/news-en\/","title":{"rendered":"News"},"content":{"rendered":"","protected":false},"excerpt":{"rendered":"","protected":false},"author":5,"featured_media":0,"parent":0,"menu_order":0,"comment_status":"closed","ping_status":"closed","template":"aktualnosci.php","meta":{"_acf_changed":false,"footnotes":""},"class_list":["post-27170","page","type-page","status-publish","hentry"],"acf":[],"yoast_head":"<!-- This site is optimized with the Yoast SEO plugin v27.3 - https:\/\/yoast.com\/product\/yoast-seo-wordpress\/ -->\n<title>News - IBS - Instytut Bada\u0144 Strukturalnych<\/title>\n<meta name=\"robots\" content=\"index, follow, max-snippet:-1, max-image-preview:large, max-video-preview:-1\" \/>\n<link rel=\"canonical\" href=\"https:\/\/ibs.org.pl\/en\/news-en\/\" \/>\n<meta property=\"og:locale\" content=\"en_US\" \/>\n<meta property=\"og:type\" content=\"article\" \/>\n<meta property=\"og:title\" content=\"News - IBS - Instytut Bada\u0144 Strukturalnych\" \/>\n<meta property=\"og:url\" content=\"https:\/\/ibs.org.pl\/en\/news-en\/\" \/>\n<meta property=\"og:site_name\" content=\"IBS - Instytut Bada\u0144 Strukturalnych\" \/>\n<meta property=\"article:modified_time\" content=\"2023-02-07T06:22:16+00:00\" \/>\n<meta name=\"twitter:card\" content=\"summary_large_image\" \/>\n<script type=\"application\/ld+json\" class=\"yoast-schema-graph\">{\"@context\":\"https:\\\/\\\/schema.org\",\"@graph\":[{\"@type\":\"WebPage\",\"@id\":\"https:\\\/\\\/ibs.org.pl\\\/en\\\/news-en\\\/\",\"url\":\"https:\\\/\\\/ibs.org.pl\\\/en\\\/news-en\\\/\",\"name\":\"News - IBS - Instytut Bada\u0144 Strukturalnych\",\"isPartOf\":{\"@id\":\"https:\\\/\\\/ibs.org.pl\\\/en\\\/#website\"},\"datePublished\":\"2023-01-02T02:02:53+00:00\",\"dateModified\":\"2023-02-07T06:22:16+00:00\",\"breadcrumb\":{\"@id\":\"https:\\\/\\\/ibs.org.pl\\\/en\\\/news-en\\\/#breadcrumb\"},\"inLanguage\":\"en-US\",\"potentialAction\":[{\"@type\":\"ReadAction\",\"target\":[\"https:\\\/\\\/ibs.org.pl\\\/en\\\/news-en\\\/\"]}]},{\"@type\":\"BreadcrumbList\",\"@id\":\"https:\\\/\\\/ibs.org.pl\\\/en\\\/news-en\\\/#breadcrumb\",\"itemListElement\":[{\"@type\":\"ListItem\",\"position\":1,\"name\":\"Home\",\"item\":\"https:\\\/\\\/ibs.org.pl\\\/en\\\/\"},{\"@type\":\"ListItem\",\"position\":2,\"name\":\"News\"}]},{\"@type\":\"WebSite\",\"@id\":\"https:\\\/\\\/ibs.org.pl\\\/en\\\/#website\",\"url\":\"https:\\\/\\\/ibs.org.pl\\\/en\\\/\",\"name\":\"IBS - Instytut Bada\u0144 Strukturalnych\",\"description\":\"Jeste\u015bmy niezale\u017cn\u0105 fundacj\u0105 naukow\u0105. Prowadzimy badania w obszarze m.in.: rynku pracy, polityki rodzinnej, finans\u00f3w publicznych, energii i klimatu.\",\"potentialAction\":[{\"@type\":\"SearchAction\",\"target\":{\"@type\":\"EntryPoint\",\"urlTemplate\":\"https:\\\/\\\/ibs.org.pl\\\/en\\\/?s={search_term_string}\"},\"query-input\":{\"@type\":\"PropertyValueSpecification\",\"valueRequired\":true,\"valueName\":\"search_term_string\"}}],\"inLanguage\":\"en-US\"}]}<\/script>\n<!-- \/ Yoast SEO plugin. -->","yoast_head_json":{"title":"News - IBS - Instytut Bada\u0144 Strukturalnych","robots":{"index":"index","follow":"follow","max-snippet":"max-snippet:-1","max-image-preview":"max-image-preview:large","max-video-preview":"max-video-preview:-1"},"canonical":"https:\/\/ibs.org.pl\/en\/news-en\/","og_locale":"en_US","og_type":"article","og_title":"News - IBS - Instytut Bada\u0144 Strukturalnych","og_url":"https:\/\/ibs.org.pl\/en\/news-en\/","og_site_name":"IBS - Instytut Bada\u0144 Strukturalnych","article_modified_time":"2023-02-07T06:22:16+00:00","twitter_card":"summary_large_image","schema":{"@context":"https:\/\/schema.org","@graph":[{"@type":"WebPage","@id":"https:\/\/ibs.org.pl\/en\/news-en\/","url":"https:\/\/ibs.org.pl\/en\/news-en\/","name":"News - IBS - Instytut Bada\u0144 Strukturalnych","isPartOf":{"@id":"https:\/\/ibs.org.pl\/en\/#website"},"datePublished":"2023-01-02T02:02:53+00:00","dateModified":"2023-02-07T06:22:16+00:00","breadcrumb":{"@id":"https:\/\/ibs.org.pl\/en\/news-en\/#breadcrumb"},"inLanguage":"en-US","potentialAction":[{"@type":"ReadAction","target":["https:\/\/ibs.org.pl\/en\/news-en\/"]}]},{"@type":"BreadcrumbList","@id":"https:\/\/ibs.org.pl\/en\/news-en\/#breadcrumb","itemListElement":[{"@type":"ListItem","position":1,"name":"Home","item":"https:\/\/ibs.org.pl\/en\/"},{"@type":"ListItem","position":2,"name":"News"}]},{"@type":"WebSite","@id":"https:\/\/ibs.org.pl\/en\/#website","url":"https:\/\/ibs.org.pl\/en\/","name":"IBS - Instytut Bada\u0144 Strukturalnych","description":"Jeste\u015bmy niezale\u017cn\u0105 fundacj\u0105 naukow\u0105. Prowadzimy badania w obszarze m.in.: rynku pracy, polityki rodzinnej, finans\u00f3w publicznych, energii i klimatu.","potentialAction":[{"@type":"SearchAction","target":{"@type":"EntryPoint","urlTemplate":"https:\/\/ibs.org.pl\/en\/?s={search_term_string}"},"query-input":{"@type":"PropertyValueSpecification","valueRequired":true,"valueName":"search_term_string"}}],"inLanguage":"en-US"}]}},"_links":{"self":[{"href":"https:\/\/ibs.org.pl\/en\/wp-json\/wp\/v2\/pages\/27170","targetHints":{"allow":["GET"]}}],"collection":[{"href":"https:\/\/ibs.org.pl\/en\/wp-json\/wp\/v2\/pages"}],"about":[{"href":"https:\/\/ibs.org.pl\/en\/wp-json\/wp\/v2\/types\/page"}],"author":[{"embeddable":true,"href":"https:\/\/ibs.org.pl\/en\/wp-json\/wp\/v2\/users\/5"}],"replies":[{"embeddable":true,"href":"https:\/\/ibs.org.pl\/en\/wp-json\/wp\/v2\/comments?post=27170"}],"version-history":[{"count":0,"href":"https:\/\/ibs.org.pl\/en\/wp-json\/wp\/v2\/pages\/27170\/revisions"}],"wp:attachment":[{"href":"https:\/\/ibs.org.pl\/en\/wp-json\/wp\/v2\/media?parent=27170"}],"curies":[{"name":"wp","href":"https:\/\/api.w.org\/{rel}","templated":true}]}}