{"id":27053,"date":"2022-12-20T02:15:07","date_gmt":"2022-12-20T01:15:07","guid":{"rendered":"https:\/\/ibs.org.pl\/kontakt\/"},"modified":"2023-02-09T07:27:08","modified_gmt":"2023-02-09T06:27:08","slug":"contact","status":"publish","type":"page","link":"https:\/\/ibs.org.pl\/en\/contact\/","title":{"rendered":"Contact"},"content":{"rendered":"\n<div class=\"wp-block-columns is-layout-flex wp-container-core-columns-is-layout-9d6595d7 wp-block-columns-is-layout-flex\">\n<div class=\"wp-block-column page-content is-layout-flow wp-block-column-is-layout-flow\">\n<h2 class=\"wp-block-heading\">Institute for Structural Research<\/h2>\n\n\n\n<p>KRS 0000249402  <br>REGON 140420239  <br>NIP 701-00-06-634<\/p>\n\n\n\n<p><br>Irysowa 18c, 02-660 Warsaw, Poland<br>Phone:&nbsp;<a href=\"tel:+48226293382\">22 629 33 82<\/a> <br>E-mail: <a href=\"mailto:ibs@ibs.org.pl\">ibs@ibs.org.pl<\/a><\/p>\n\n\n\n<p>Twitter PL&nbsp;<a href=\"https:\/\/twitter.com\/ibs_thinktank\" target=\"_blank\" rel=\"noreferrer noopener\">@ibs_thinktank<\/a>, <br>Twitter EN&nbsp;<a href=\"https:\/\/twitter.com\/ibs_warsaw\" target=\"_blank\" rel=\"noreferrer noopener\">@ibs_warsaw<\/a>,<br><a href=\"https:\/\/www.linkedin.com\/company\/ibs---institute-for-structural-research\" target=\"_blank\" rel=\"noreferrer noopener\">LinkedIn<\/a><\/p>\n<\/div>\n\n\n\n<div class=\"wp-block-column is-layout-flow wp-block-column-is-layout-flow\">\n<iframe loading=\"lazy\" class=\"map-place\" src=\"https:\/\/www.google.com\/maps\/embed?pb=!1m18!1m12!1m3!1d2444.986354389624!2d21.014569915944502!3d52.20729546710848!2m3!1f0!2f0!3f0!3m2!1i1024!2i768!4f13.1!3m3!1m2!1s0x471eccd9410a2d09%3A0xf87382be2ef71842!2sInstytut%20Bada%C5%84%20Strukturalnych!5e0!3m2!1spl!2spl!4v1575276367735!5m2!1spl!2spl\" width=\"586\" height=\"314\" frameborder=\"0\" style=\"width: 586px !important; height: 314px !important; border:1px solid black;\" allowfullscreen=\"\"><\/iframe>\n<\/div>\n<\/div>\n\n\n\n<div style=\"height:40px\" aria-hidden=\"true\" class=\"wp-block-spacer\"><\/div>\n\n\n\n<div class=\"wp-block-columns is-layout-flex wp-container-core-columns-is-layout-9d6595d7 wp-block-columns-is-layout-flex\">\n<div class=\"wp-block-column is-layout-flow wp-block-column-is-layout-flow\"><\/div>\n\n\n\n<div class=\"wp-block-column is-layout-flow wp-block-column-is-layout-flow\" style=\"flex-basis:80%\">\n<h2 class=\"has-text-align-center wp-block-heading\">Contact form<\/h2>\n\n\n\n<div class=\"wpcf7 no-js\" id=\"wpcf7-f27077-o1\" lang=\"pl-PL\" dir=\"ltr\" data-wpcf7-id=\"27077\">\n<div class=\"screen-reader-response\"><p role=\"status\" aria-live=\"polite\" aria-atomic=\"true\"><\/p> <ul><\/ul><\/div>\n<form action=\"\/en\/wp-json\/wp\/v2\/pages\/27053#wpcf7-f27077-o1\" method=\"post\" class=\"wpcf7-form init\" aria-label=\"Formularz kontaktowy\" novalidate=\"novalidate\" data-status=\"init\">\n<fieldset class=\"hidden-fields-container\"><input type=\"hidden\" name=\"_wpcf7\" value=\"27077\" \/><input type=\"hidden\" name=\"_wpcf7_version\" value=\"6.1.5\" \/><input type=\"hidden\" name=\"_wpcf7_locale\" value=\"pl_PL\" \/><input type=\"hidden\" name=\"_wpcf7_unit_tag\" value=\"wpcf7-f27077-o1\" \/><input type=\"hidden\" name=\"_wpcf7_container_post\" value=\"0\" \/><input type=\"hidden\" name=\"_wpcf7_posted_data_hash\" value=\"\" \/><input type=\"hidden\" name=\"_wpcf7_recaptcha_response\" value=\"\" \/>\n<\/fieldset>\n<div class=\"form-in\">\n\t<div class=\"row mb-3\">\n\t\t<div class=\"col-12 col-md-12 mb-1 mb-md-3 mb-md-0\">\n\t\t\t<p><span class=\"wpcf7-form-control-wrap\" data-name=\"your-name\"><input size=\"40\" maxlength=\"400\" class=\"wpcf7-form-control wpcf7-text wpcf7-validates-as-required form-control\" aria-required=\"true\" aria-invalid=\"false\" placeholder=\"name and surname *\" value=\"\" type=\"text\" name=\"your-name\" \/><\/span>\n\t\t\t<\/p>\n\t\t<\/div>\n\t<\/div>\n\t<div class=\"row mb-3\">\n\t\t<div class=\"col-12 col-md-12  mb-1 mb-md-3 mb-md-0\">\n\t\t\t<p><span class=\"wpcf7-form-control-wrap\" data-name=\"your-email\"><input size=\"40\" maxlength=\"400\" class=\"wpcf7-form-control wpcf7-email wpcf7-validates-as-required wpcf7-text wpcf7-validates-as-email form-control\" aria-required=\"true\" aria-invalid=\"false\" placeholder=\"e-mail *\" value=\"\" type=\"email\" name=\"your-email\" \/><\/span>\n\t\t\t<\/p>\n\t\t<\/div>\n\t<\/div>\n\t<div class=\"row mb-3\">\n\t\t<div class=\"col-12 col-md-12  mb-1 mb-md-3 mb-md-0\">\n\t\t\t<p><span class=\"wpcf7-form-control-wrap\" data-name=\"textarea-613\"><textarea cols=\"40\" rows=\"10\" maxlength=\"2000\" class=\"wpcf7-form-control wpcf7-textarea form-control\" aria-invalid=\"false\" placeholder=\"your message\" name=\"textarea-613\"><\/textarea><\/span>\n\t\t\t<\/p>\n\t\t<\/div>\n\t<\/div>\n\t<div class=\"row mb-form  mb-1 mb-md-3>\n\t\t<div class=\"col\">\n\t\t\t<p><span class=\"wpcf7-form-control-wrap\" data-name=\"acceptance-115\"><span class=\"wpcf7-form-control wpcf7-acceptance\"><span class=\"wpcf7-list-item\"><label><input type=\"checkbox\" name=\"acceptance-115\" value=\"1\" aria-invalid=\"false\" \/><span class=\"wpcf7-list-item-label\">The controller of the provided personal data is the Institute for Structural Research Science Foundation, with its registered office in Warsaw at ul. Irysowa 18C. You may contact the data controller via e-mail rodo@ibs.org.pl or by phone +48 22 629 33 82. You shall have the right to access your personal data, rectify, erase, or restrict the processing of your personal data, the right to data portability, and the right to object to your personal data processing. You shall have the possibility to complain to the President of the Office for Personal Data Protection when you decide that your personal data is processed in violation of the general provisions of the General Data Protection  Regulation (GDPR) of 27 April 2016. Your consent is voluntary. You may withdraw your consent at any time. Yet to place and complete the order and communication, consent is necessary. The withdrawal of consent shall not affect the lawfulness of processing based on consent before its withdrawal.<\/span><\/label><\/span><\/span><\/span>\n\t\t\t<\/p>\n\t\t<\/div>\n\t<\/div>\n\t<div class=\"d-grid gap-2 col-6\">\n\t\t<p><input class=\"wpcf7-form-control wpcf7-submit has-spinner btn btn-primary m-0 p-0\" type=\"submit\" value=\"send message\" \/>\n\t\t<\/p>\n\t<\/div>\n<\/div><div class=\"wpcf7-response-output\" aria-hidden=\"true\"><\/div>\n<\/form>\n<\/div>\n\n<\/div>\n\n\n\n<div class=\"wp-block-column is-layout-flow wp-block-column-is-layout-flow\"><\/div>\n<\/div>\n","protected":false},"excerpt":{"rendered":"<p>Institute for Structural Research KRS 0000249402 REGON 140420239 NIP 701-00-06-634 Irysowa 18c, 02-660 Warsaw, PolandPhone:&nbsp;22 629 33 82 E-mail: ibs@ibs.org.pl Twitter PL&nbsp;@ibs_thinktank, [&hellip;]<\/p>\n","protected":false},"author":5,"featured_media":0,"parent":0,"menu_order":0,"comment_status":"closed","ping_status":"closed","template":"kontakt.php","meta":{"_acf_changed":false,"footnotes":""},"class_list":["post-27053","page","type-page","status-publish","hentry"],"acf":[],"yoast_head":"<!-- This site is optimized with the Yoast SEO plugin v27.5 - https:\/\/yoast.com\/product\/yoast-seo-wordpress\/ -->\n<title>Contact - IBS - Instytut Bada\u0144 Strukturalnych<\/title>\n<meta name=\"robots\" content=\"index, follow, max-snippet:-1, max-image-preview:large, max-video-preview:-1\" \/>\n<link rel=\"canonical\" href=\"https:\/\/ibs.org.pl\/en\/contact\/\" \/>\n<meta property=\"og:locale\" content=\"en_US\" \/>\n<meta property=\"og:type\" content=\"article\" \/>\n<meta property=\"og:title\" content=\"Contact - IBS - Instytut Bada\u0144 Strukturalnych\" \/>\n<meta property=\"og:description\" content=\"Institute for Structural Research KRS 0000249402 REGON 140420239 NIP 701-00-06-634 Irysowa 18c, 02-660 Warsaw, PolandPhone:&nbsp;22 629 33 82 E-mail: ibs@ibs.org.pl Twitter PL&nbsp;@ibs_thinktank, [&hellip;]\" \/>\n<meta property=\"og:url\" content=\"https:\/\/ibs.org.pl\/en\/contact\/\" \/>\n<meta property=\"og:site_name\" content=\"IBS - Instytut Bada\u0144 Strukturalnych\" \/>\n<meta property=\"article:modified_time\" content=\"2023-02-09T06:27:08+00:00\" \/>\n<meta name=\"twitter:card\" content=\"summary_large_image\" \/>\n<meta name=\"twitter:label1\" content=\"Est. reading time\" \/>\n\t<meta name=\"twitter:data1\" content=\"1 minute\" \/>\n<script type=\"application\/ld+json\" class=\"yoast-schema-graph\">{\"@context\":\"https:\\\/\\\/schema.org\",\"@graph\":[{\"@type\":\"WebPage\",\"@id\":\"https:\\\/\\\/ibs.org.pl\\\/en\\\/contact\\\/\",\"url\":\"https:\\\/\\\/ibs.org.pl\\\/en\\\/contact\\\/\",\"name\":\"Contact - IBS - Instytut Bada\u0144 Strukturalnych\",\"isPartOf\":{\"@id\":\"https:\\\/\\\/ibs.org.pl\\\/en\\\/#website\"},\"datePublished\":\"2022-12-20T01:15:07+00:00\",\"dateModified\":\"2023-02-09T06:27:08+00:00\",\"breadcrumb\":{\"@id\":\"https:\\\/\\\/ibs.org.pl\\\/en\\\/contact\\\/#breadcrumb\"},\"inLanguage\":\"en-US\",\"potentialAction\":[{\"@type\":\"ReadAction\",\"target\":[\"https:\\\/\\\/ibs.org.pl\\\/en\\\/contact\\\/\"]}]},{\"@type\":\"BreadcrumbList\",\"@id\":\"https:\\\/\\\/ibs.org.pl\\\/en\\\/contact\\\/#breadcrumb\",\"itemListElement\":[{\"@type\":\"ListItem\",\"position\":1,\"name\":\"Home\",\"item\":\"https:\\\/\\\/ibs.org.pl\\\/en\\\/\"},{\"@type\":\"ListItem\",\"position\":2,\"name\":\"Contact\"}]},{\"@type\":\"WebSite\",\"@id\":\"https:\\\/\\\/ibs.org.pl\\\/en\\\/#website\",\"url\":\"https:\\\/\\\/ibs.org.pl\\\/en\\\/\",\"name\":\"IBS - Instytut Bada\u0144 Strukturalnych\",\"description\":\"Jeste\u015bmy niezale\u017cn\u0105 fundacj\u0105 naukow\u0105. Prowadzimy badania w obszarze m.in.: rynku pracy, polityki rodzinnej, finans\u00f3w publicznych, energii i klimatu.\",\"potentialAction\":[{\"@type\":\"SearchAction\",\"target\":{\"@type\":\"EntryPoint\",\"urlTemplate\":\"https:\\\/\\\/ibs.org.pl\\\/en\\\/?s={search_term_string}\"},\"query-input\":{\"@type\":\"PropertyValueSpecification\",\"valueRequired\":true,\"valueName\":\"search_term_string\"}}],\"inLanguage\":\"en-US\"}]}<\/script>\n<!-- \/ Yoast SEO plugin. -->","yoast_head_json":{"title":"Contact - IBS - Instytut Bada\u0144 Strukturalnych","robots":{"index":"index","follow":"follow","max-snippet":"max-snippet:-1","max-image-preview":"max-image-preview:large","max-video-preview":"max-video-preview:-1"},"canonical":"https:\/\/ibs.org.pl\/en\/contact\/","og_locale":"en_US","og_type":"article","og_title":"Contact - IBS - Instytut Bada\u0144 Strukturalnych","og_description":"Institute for Structural Research KRS 0000249402 REGON 140420239 NIP 701-00-06-634 Irysowa 18c, 02-660 Warsaw, PolandPhone:&nbsp;22 629 33 82 E-mail: ibs@ibs.org.pl Twitter PL&nbsp;@ibs_thinktank, [&hellip;]","og_url":"https:\/\/ibs.org.pl\/en\/contact\/","og_site_name":"IBS - Instytut Bada\u0144 Strukturalnych","article_modified_time":"2023-02-09T06:27:08+00:00","twitter_card":"summary_large_image","twitter_misc":{"Est. reading time":"1 minute"},"schema":{"@context":"https:\/\/schema.org","@graph":[{"@type":"WebPage","@id":"https:\/\/ibs.org.pl\/en\/contact\/","url":"https:\/\/ibs.org.pl\/en\/contact\/","name":"Contact - IBS - Instytut Bada\u0144 Strukturalnych","isPartOf":{"@id":"https:\/\/ibs.org.pl\/en\/#website"},"datePublished":"2022-12-20T01:15:07+00:00","dateModified":"2023-02-09T06:27:08+00:00","breadcrumb":{"@id":"https:\/\/ibs.org.pl\/en\/contact\/#breadcrumb"},"inLanguage":"en-US","potentialAction":[{"@type":"ReadAction","target":["https:\/\/ibs.org.pl\/en\/contact\/"]}]},{"@type":"BreadcrumbList","@id":"https:\/\/ibs.org.pl\/en\/contact\/#breadcrumb","itemListElement":[{"@type":"ListItem","position":1,"name":"Home","item":"https:\/\/ibs.org.pl\/en\/"},{"@type":"ListItem","position":2,"name":"Contact"}]},{"@type":"WebSite","@id":"https:\/\/ibs.org.pl\/en\/#website","url":"https:\/\/ibs.org.pl\/en\/","name":"IBS - Instytut Bada\u0144 Strukturalnych","description":"Jeste\u015bmy niezale\u017cn\u0105 fundacj\u0105 naukow\u0105. Prowadzimy badania w obszarze m.in.: rynku pracy, polityki rodzinnej, finans\u00f3w publicznych, energii i klimatu.","potentialAction":[{"@type":"SearchAction","target":{"@type":"EntryPoint","urlTemplate":"https:\/\/ibs.org.pl\/en\/?s={search_term_string}"},"query-input":{"@type":"PropertyValueSpecification","valueRequired":true,"valueName":"search_term_string"}}],"inLanguage":"en-US"}]}},"_links":{"self":[{"href":"https:\/\/ibs.org.pl\/en\/wp-json\/wp\/v2\/pages\/27053","targetHints":{"allow":["GET"]}}],"collection":[{"href":"https:\/\/ibs.org.pl\/en\/wp-json\/wp\/v2\/pages"}],"about":[{"href":"https:\/\/ibs.org.pl\/en\/wp-json\/wp\/v2\/types\/page"}],"author":[{"embeddable":true,"href":"https:\/\/ibs.org.pl\/en\/wp-json\/wp\/v2\/users\/5"}],"replies":[{"embeddable":true,"href":"https:\/\/ibs.org.pl\/en\/wp-json\/wp\/v2\/comments?post=27053"}],"version-history":[{"count":0,"href":"https:\/\/ibs.org.pl\/en\/wp-json\/wp\/v2\/pages\/27053\/revisions"}],"wp:attachment":[{"href":"https:\/\/ibs.org.pl\/en\/wp-json\/wp\/v2\/media?parent=27053"}],"curies":[{"name":"wp","href":"https:\/\/api.w.org\/{rel}","templated":true}]}}